{"id":256,"date":"2023-07-11T12:16:26","date_gmt":"2023-07-11T12:16:26","guid":{"rendered":"https:\/\/carbonpricing1.wpenginepowered.com\/?page_id=256"},"modified":"2023-09-15T11:31:37","modified_gmt":"2023-09-15T11:31:37","slug":"cpa-news","status":"publish","type":"page","link":"https:\/\/carbonpricingamericas.org\/pt\/cpa-news\/","title":{"rendered":"Not\u00edcias da CPA"},"content":{"rendered":"<div data-elementor-type=\"wp-page\" data-elementor-id=\"256\" class=\"elementor elementor-256\" data-elementor-post-type=\"page\">\n\t\t\t\t\t\t<section class=\"elementor-section elementor-top-section elementor-element elementor-element-09d0bbf elementor-section-full_width banner-sec elementor-section-height-default elementor-section-height-default\" data-id=\"09d0bbf\" data-element_type=\"section\" data-e-type=\"section\">\n\t\t\t\t\t\t<div class=\"elementor-container elementor-column-gap-default\">\n\t\t\t\t\t<div class=\"elementor-column elementor-col-100 elementor-top-column elementor-element elementor-element-264a8e5\" data-id=\"264a8e5\" data-element_type=\"column\" data-e-type=\"column\">\n\t\t\t<div class=\"elementor-widget-wrap elementor-element-populated\">\n\t\t\t\t\t\t<section class=\"elementor-section elementor-inner-section elementor-element elementor-element-42227ad about_banner elementor-section-boxed elementor-section-height-default elementor-section-height-default\" data-id=\"42227ad\" data-element_type=\"section\" data-e-type=\"section\" data-settings=\"{&quot;background_background&quot;:&quot;classic&quot;}\">\n\t\t\t\t\t\t<div class=\"elementor-container elementor-column-gap-default\">\n\t\t\t\t\t<div class=\"elementor-column elementor-col-50 elementor-inner-column elementor-element elementor-element-615c8a0 news_col elementor-hidden-mobile\" data-id=\"615c8a0\" data-element_type=\"column\" data-e-type=\"column\">\n\t\t\t<div class=\"elementor-widget-wrap\">\n\t\t\t\t\t\t\t<\/div>\n\t\t<\/div>\n\t\t\t\t<div class=\"elementor-column elementor-col-50 elementor-inner-column elementor-element elementor-element-31f3819\" data-id=\"31f3819\" data-element_type=\"column\" data-e-type=\"column\">\n\t\t\t<div class=\"elementor-widget-wrap elementor-element-populated\">\n\t\t\t\t\t\t<div class=\"elementor-element elementor-element-2b5b4ac elementor-widget__width-initial elementor-widget-mobile__width-inherit elementor-widget elementor-widget-heading\" data-id=\"2b5b4ac\" data-element_type=\"widget\" data-e-type=\"widget\" data-widget_type=\"heading.default\">\n\t\t\t\t<div class=\"elementor-widget-container\">\n\t\t\t\t\t<h2 class=\"elementor-heading-title elementor-size-default\">Not\u00edcias<\/h2>\t\t\t\t<\/div>\n\t\t\t\t<\/div>\n\t\t\t\t<div class=\"elementor-element elementor-element-2996261 popup_cta elementor-hidden-desktop elementor-hidden-tablet elementor-hidden-mobile elementor-widget elementor-widget-button\" data-id=\"2996261\" data-element_type=\"widget\" data-e-type=\"widget\" data-widget_type=\"button.default\">\n\t\t\t\t<div class=\"elementor-widget-container\">\n\t\t\t\t\t\t\t\t\t<div class=\"elementor-button-wrapper\">\n\t\t\t\t\t<a class=\"elementor-button elementor-button-link elementor-size-sm\" href=\"#elementor-action%3Aaction%3Dpopup%3Aopen%26settings%3DeyJpZCI6IjQxNiIsInRvZ2dsZSI6ZmFsc2V9\">\n\t\t\t\t\t\t<span class=\"elementor-button-content-wrapper\">\n\t\t\t\t\t\t\t\t\t<span class=\"elementor-button-text\">Clique aqui<\/span>\n\t\t\t\t\t<\/span>\n\t\t\t\t\t<\/a>\n\t\t\t\t<\/div>\n\t\t\t\t\t\t\t\t<\/div>\n\t\t\t\t<\/div>\n\t\t\t\t\t<\/div>\n\t\t<\/div>\n\t\t\t\t\t<\/div>\n\t\t<\/section>\n\t\t\t\t\t<\/div>\n\t\t<\/div>\n\t\t\t\t\t<\/div>\n\t\t<\/section>\n\t\t\t\t<section class=\"elementor-section elementor-top-section elementor-element elementor-element-d1631b6 elementor-section-full_width news_post_sec elementor-section-height-default elementor-section-height-default\" data-id=\"d1631b6\" data-element_type=\"section\" data-e-type=\"section\">\n\t\t\t\t\t\t<div class=\"elementor-container elementor-column-gap-default\">\n\t\t\t\t\t<div class=\"elementor-column elementor-col-100 elementor-top-column elementor-element elementor-element-88acb28\" data-id=\"88acb28\" data-element_type=\"column\" data-e-type=\"column\">\n\t\t\t<div class=\"elementor-widget-wrap elementor-element-populated\">\n\t\t\t\t\t\t<section class=\"elementor-section elementor-inner-section elementor-element elementor-element-e015897 elementor-section-content-top resources_post elementor-section-boxed elementor-section-height-default elementor-section-height-default\" data-id=\"e015897\" data-element_type=\"section\" data-e-type=\"section\">\n\t\t\t\t\t\t<div class=\"elementor-container elementor-column-gap-default\">\n\t\t\t\t\t<div class=\"elementor-column elementor-col-50 elementor-inner-column elementor-element elementor-element-b887a7a post_category new_sticky elementor-invisible\" data-id=\"b887a7a\" data-element_type=\"column\" data-e-type=\"column\" data-settings=\"{&quot;animation&quot;:&quot;fadeInUp&quot;,&quot;animation_delay&quot;:100}\">\n\t\t\t<div class=\"elementor-widget-wrap elementor-element-populated\">\n\t\t\t\t\t\t<div class=\"elementor-element elementor-element-d5acbf1 elementor-widget-mobile__width-initial elementor-widget elementor-widget-heading\" data-id=\"d5acbf1\" data-element_type=\"widget\" data-e-type=\"widget\" data-widget_type=\"heading.default\">\n\t\t\t\t<div class=\"elementor-widget-container\">\n\t\t\t\t\t<h2 class=\"elementor-heading-title elementor-size-default\">Todas as not\u00edcias<\/h2>\t\t\t\t<\/div>\n\t\t\t\t<\/div>\n\t\t\t\t\t<\/div>\n\t\t<\/div>\n\t\t\t\t<div class=\"elementor-column elementor-col-50 elementor-inner-column elementor-element elementor-element-dc0bf6d event_hed  elementor-invisible\" data-id=\"dc0bf6d\" data-element_type=\"column\" data-e-type=\"column\" data-settings=\"{&quot;animation&quot;:&quot;fadeInUp&quot;,&quot;animation_delay&quot;:100}\">\n\t\t\t<div class=\"elementor-widget-wrap elementor-element-populated\">\n\t\t\t\t\t\t<div class=\"elementor-element elementor-element-6fbb38d elementor-grid-1 elementor-posts--thumbnail-left elementor-posts--align-left elementor-grid-tablet-1 news_post elementor-grid-mobile-1 elementor-widget elementor-widget-posts\" data-id=\"6fbb38d\" data-element_type=\"widget\" data-e-type=\"widget\" data-settings=\"{&quot;classic_columns&quot;:&quot;1&quot;,&quot;classic_row_gap&quot;:{&quot;unit&quot;:&quot;px&quot;,&quot;size&quot;:40,&quot;sizes&quot;:[]},&quot;classic_columns_tablet&quot;:&quot;1&quot;,&quot;classic_row_gap_mobile&quot;:{&quot;unit&quot;:&quot;px&quot;,&quot;size&quot;:16,&quot;sizes&quot;:[]},&quot;classic_columns_mobile&quot;:&quot;1&quot;,&quot;classic_row_gap_tablet&quot;:{&quot;unit&quot;:&quot;px&quot;,&quot;size&quot;:&quot;&quot;,&quot;sizes&quot;:[]}}\" data-widget_type=\"posts.classic\">\n\t\t\t\t<div class=\"elementor-widget-container\">\n\t\t\t\t\t\t\t<div class=\"elementor-posts-container elementor-posts elementor-posts--skin-classic elementor-grid\" role=\"list\">\n\t\t\t\t<article class=\"elementor-post elementor-grid-item post-738 news type-news status-publish format-standard has-post-thumbnail hentry post with-featured-image\" role=\"listitem\">\n\t\t\t\t<a class=\"elementor-post__thumbnail__link\" href=\"https:\/\/carbonpricingamericas.org\/pt\/news\/dominican-republic-advances-design-of-pilot-emissions-trading-system\/\" tabindex=\"-1\" target=\"&quot;_blank&quot;\">\n\t\t\t<div class=\"elementor-post__thumbnail\"><img fetchpriority=\"high\" decoding=\"async\" width=\"945\" height=\"501\" src=\"https:\/\/carbonpricingamericas.org\/wp-content\/uploads\/2025\/07\/yi-wei-r-YpH_-pd34-unsplash.jpg\" class=\"attachment-full size-full wp-image-739\" alt=\"\" srcset=\"https:\/\/carbonpricingamericas.org\/wp-content\/uploads\/2025\/07\/yi-wei-r-YpH_-pd34-unsplash.jpg 945w, https:\/\/carbonpricingamericas.org\/wp-content\/uploads\/2025\/07\/yi-wei-r-YpH_-pd34-unsplash-300x159.jpg 300w, https:\/\/carbonpricingamericas.org\/wp-content\/uploads\/2025\/07\/yi-wei-r-YpH_-pd34-unsplash-768x407.jpg 768w, https:\/\/carbonpricingamericas.org\/wp-content\/uploads\/2025\/07\/yi-wei-r-YpH_-pd34-unsplash-18x10.jpg 18w\" sizes=\"(max-width: 945px) 100vw, 945px\" \/><\/div>\n\t\t<\/a>\n\t\t\t\t<div class=\"elementor-post__text\">\n\t\t\t\t<h4 class=\"elementor-post__title\">\n\t\t\t<a href=\"https:\/\/carbonpricingamericas.org\/pt\/news\/dominican-republic-advances-design-of-pilot-emissions-trading-system\/\" target=\"&quot;_blank&quot;\">\n\t\t\t\tDominican Republic Advances Design of Pilot Emissions Trading System\t\t\t<\/a>\n\t\t<\/h4>\n\t\t\t\t<div class=\"elementor-post__excerpt\">\n\t\t\t<p>The Dominican Republic has made significant progress on the technical design of a pilot Emissions Trading System (ETS)<\/p>\n\t\t<\/div>\n\t\t\t\t<\/div>\n\t\t\t\t<\/article>\n\t\t\t\t<article class=\"elementor-post elementor-grid-item post-733 news type-news status-publish format-standard has-post-thumbnail hentry post with-featured-image\" role=\"listitem\">\n\t\t\t\t<a class=\"elementor-post__thumbnail__link\" href=\"https:\/\/carbonpricingamericas.org\/pt\/news\/carbon-pricing-in-the-americas-training-course-and-redicap-2025\/\" tabindex=\"-1\" target=\"&quot;_blank&quot;\">\n\t\t\t<div class=\"elementor-post__thumbnail\"><img decoding=\"async\" width=\"2479\" height=\"3508\" src=\"https:\/\/carbonpricingamericas.org\/wp-content\/uploads\/2025\/04\/20250408_Detailed-Agenda_to-share_1.png\" class=\"attachment-full size-full wp-image-734\" alt=\"\" srcset=\"https:\/\/carbonpricingamericas.org\/wp-content\/uploads\/2025\/04\/20250408_Detailed-Agenda_to-share_1.png 2479w, https:\/\/carbonpricingamericas.org\/wp-content\/uploads\/2025\/04\/20250408_Detailed-Agenda_to-share_1-212x300.png 212w, https:\/\/carbonpricingamericas.org\/wp-content\/uploads\/2025\/04\/20250408_Detailed-Agenda_to-share_1-724x1024.png 724w, https:\/\/carbonpricingamericas.org\/wp-content\/uploads\/2025\/04\/20250408_Detailed-Agenda_to-share_1-768x1087.png 768w, https:\/\/carbonpricingamericas.org\/wp-content\/uploads\/2025\/04\/20250408_Detailed-Agenda_to-share_1-1085x1536.png 1085w, https:\/\/carbonpricingamericas.org\/wp-content\/uploads\/2025\/04\/20250408_Detailed-Agenda_to-share_1-1447x2048.png 1447w, https:\/\/carbonpricingamericas.org\/wp-content\/uploads\/2025\/04\/20250408_Detailed-Agenda_to-share_1-8x12.png 8w, https:\/\/carbonpricingamericas.org\/wp-content\/uploads\/2025\/04\/20250408_Detailed-Agenda_to-share_1-1200x1698.png 1200w, https:\/\/carbonpricingamericas.org\/wp-content\/uploads\/2025\/04\/20250408_Detailed-Agenda_to-share_1-1400x1981.png 1400w, https:\/\/carbonpricingamericas.org\/wp-content\/uploads\/2025\/04\/20250408_Detailed-Agenda_to-share_1-300x425.png 300w\" sizes=\"(max-width: 2479px) 100vw, 2479px\" \/><\/div>\n\t\t<\/a>\n\t\t\t\t<div class=\"elementor-post__text\">\n\t\t\t\t<h4 class=\"elementor-post__title\">\n\t\t\t<a href=\"https:\/\/carbonpricingamericas.org\/pt\/news\/carbon-pricing-in-the-americas-training-course-and-redicap-2025\/\" target=\"&quot;_blank&quot;\">\n\t\t\t\tCarbon Pricing in the Americas Training Course and REdiCAP, 2025\t\t\t<\/a>\n\t\t<\/h4>\n\t\t\t\t<div class=\"elementor-post__excerpt\">\n\t\t\t<p>19 &#8211; 22 May Panama City, Panama<\/p>\n\t\t<\/div>\n\t\t\t\t<\/div>\n\t\t\t\t<\/article>\n\t\t\t\t<article class=\"elementor-post elementor-grid-item post-717 news type-news status-publish format-standard has-post-thumbnail hentry post with-featured-image\" role=\"listitem\">\n\t\t\t\t<a class=\"elementor-post__thumbnail__link\" href=\"https:\/\/carbonpricingamericas.org\/pt\/news\/cpa-is-search-for-a-new-member-for-its-secretariat\/\" tabindex=\"-1\" target=\"&quot;_blank&quot;\">\n\t\t\t<div class=\"elementor-post__thumbnail\"><img decoding=\"async\" width=\"320\" height=\"210\" src=\"https:\/\/carbonpricingamericas.org\/wp-content\/uploads\/2023\/06\/Group-2-3.png\" class=\"attachment-full size-full wp-image-522\" alt=\"\" srcset=\"https:\/\/carbonpricingamericas.org\/wp-content\/uploads\/2023\/06\/Group-2-3.png 320w, https:\/\/carbonpricingamericas.org\/wp-content\/uploads\/2023\/06\/Group-2-3-300x197.png 300w, https:\/\/carbonpricingamericas.org\/wp-content\/uploads\/2023\/06\/Group-2-3-18x12.png 18w\" sizes=\"(max-width: 320px) 100vw, 320px\" \/><\/div>\n\t\t<\/a>\n\t\t\t\t<div class=\"elementor-post__text\">\n\t\t\t\t<h4 class=\"elementor-post__title\">\n\t\t\t<a href=\"https:\/\/carbonpricingamericas.org\/pt\/news\/cpa-is-search-for-a-new-member-for-its-secretariat\/\" target=\"&quot;_blank&quot;\">\n\t\t\t\tCPA is searching for a new member for its secretariat\t\t\t<\/a>\n\t\t<\/h4>\n\t\t\t\t<div class=\"elementor-post__excerpt\">\n\t\t\t<p>Until 11 March 2025<\/p>\n\t\t<\/div>\n\t\t\t\t<\/div>\n\t\t\t\t<\/article>\n\t\t\t\t<article class=\"elementor-post elementor-grid-item post-709 news type-news status-publish format-standard has-post-thumbnail hentry post with-featured-image\" role=\"listitem\">\n\t\t\t\t<a class=\"elementor-post__thumbnail__link\" href=\"https:\/\/carbonpricingamericas.org\/pt\/news\/carbon-pricing-in-the-americas-celebrates-its-annual-general-assembly\/\" tabindex=\"-1\" target=\"&quot;_blank&quot;\">\n\t\t\t<div class=\"elementor-post__thumbnail\"><img loading=\"lazy\" decoding=\"async\" width=\"1600\" height=\"1200\" src=\"https:\/\/carbonpricingamericas.org\/wp-content\/uploads\/2024\/12\/CPA-General-Assembly-2024.jpg\" class=\"attachment-full size-full wp-image-710\" alt=\"\" srcset=\"https:\/\/carbonpricingamericas.org\/wp-content\/uploads\/2024\/12\/CPA-General-Assembly-2024.jpg 1600w, https:\/\/carbonpricingamericas.org\/wp-content\/uploads\/2024\/12\/CPA-General-Assembly-2024-300x225.jpg 300w, https:\/\/carbonpricingamericas.org\/wp-content\/uploads\/2024\/12\/CPA-General-Assembly-2024-1024x768.jpg 1024w, https:\/\/carbonpricingamericas.org\/wp-content\/uploads\/2024\/12\/CPA-General-Assembly-2024-768x576.jpg 768w, https:\/\/carbonpricingamericas.org\/wp-content\/uploads\/2024\/12\/CPA-General-Assembly-2024-1536x1152.jpg 1536w, https:\/\/carbonpricingamericas.org\/wp-content\/uploads\/2024\/12\/CPA-General-Assembly-2024-16x12.jpg 16w, https:\/\/carbonpricingamericas.org\/wp-content\/uploads\/2024\/12\/CPA-General-Assembly-2024-1200x900.jpg 1200w, https:\/\/carbonpricingamericas.org\/wp-content\/uploads\/2024\/12\/CPA-General-Assembly-2024-1400x1050.jpg 1400w\" sizes=\"(max-width: 1600px) 100vw, 1600px\" \/><\/div>\n\t\t<\/a>\n\t\t\t\t<div class=\"elementor-post__text\">\n\t\t\t\t<h4 class=\"elementor-post__title\">\n\t\t\t<a href=\"https:\/\/carbonpricingamericas.org\/pt\/news\/carbon-pricing-in-the-americas-celebrates-its-annual-general-assembly\/\" target=\"&quot;_blank&quot;\">\n\t\t\t\tA plataforma Carbon Pricing in the Americas celebra sua Assembleia Geral Anual\t\t\t<\/a>\n\t\t<\/h4>\n\t\t\t\t<div class=\"elementor-post__excerpt\">\n\t\t\t<p>October 2024<\/p>\n\t\t<\/div>\n\t\t\t\t<\/div>\n\t\t\t\t<\/article>\n\t\t\t\t<article class=\"elementor-post elementor-grid-item post-692 news type-news status-publish format-link has-post-thumbnail hentry post with-featured-image\" role=\"listitem\">\n\t\t\t\t<a class=\"elementor-post__thumbnail__link\" href=\"https:\/\/www.cepal.org\/en\/events\/cpas-carbon-pricing-and-article-6-workshop-and-redicap\" tabindex=\"-1\" target=\"&quot;_blank&quot;\">\n\t\t\t<div class=\"elementor-post__thumbnail\"><img loading=\"lazy\" decoding=\"async\" width=\"1500\" height=\"843\" src=\"https:\/\/carbonpricingamericas.org\/wp-content\/uploads\/2024\/10\/fondo_cpas_carbon_pricing_and_article_6_workshop_and_redicap.jpg\" class=\"attachment-full size-full wp-image-693\" alt=\"\" srcset=\"https:\/\/carbonpricingamericas.org\/wp-content\/uploads\/2024\/10\/fondo_cpas_carbon_pricing_and_article_6_workshop_and_redicap.jpg 1500w, https:\/\/carbonpricingamericas.org\/wp-content\/uploads\/2024\/10\/fondo_cpas_carbon_pricing_and_article_6_workshop_and_redicap-300x169.jpg 300w, https:\/\/carbonpricingamericas.org\/wp-content\/uploads\/2024\/10\/fondo_cpas_carbon_pricing_and_article_6_workshop_and_redicap-1024x575.jpg 1024w, https:\/\/carbonpricingamericas.org\/wp-content\/uploads\/2024\/10\/fondo_cpas_carbon_pricing_and_article_6_workshop_and_redicap-768x432.jpg 768w, https:\/\/carbonpricingamericas.org\/wp-content\/uploads\/2024\/10\/fondo_cpas_carbon_pricing_and_article_6_workshop_and_redicap-18x10.jpg 18w, https:\/\/carbonpricingamericas.org\/wp-content\/uploads\/2024\/10\/fondo_cpas_carbon_pricing_and_article_6_workshop_and_redicap-1200x674.jpg 1200w, https:\/\/carbonpricingamericas.org\/wp-content\/uploads\/2024\/10\/fondo_cpas_carbon_pricing_and_article_6_workshop_and_redicap-1400x787.jpg 1400w\" sizes=\"(max-width: 1500px) 100vw, 1500px\" \/><\/div>\n\t\t<\/a>\n\t\t\t\t<div class=\"elementor-post__text\">\n\t\t\t\t<h4 class=\"elementor-post__title\">\n\t\t\t<a href=\"https:\/\/www.cepal.org\/en\/events\/cpas-carbon-pricing-and-article-6-workshop-and-redicap\" target=\"&quot;_blank&quot;\">\n\t\t\t\tWorkshop de forma\u00e7\u00e3o da CPA sobre a tarifa\u00e7\u00e3o do carbono e o artigo 6\u00ba e REdiCAP (di\u00e1logo regional sobre a tarifa\u00e7\u00e3o do carbono)\t\t\t<\/a>\n\t\t<\/h4>\n\t\t\t\t<div class=\"elementor-post__excerpt\">\n\t\t\t<p>Julio 2024<\/p>\n\t\t<\/div>\n\t\t\t\t<\/div>\n\t\t\t\t<\/article>\n\t\t\t\t<article class=\"elementor-post elementor-grid-item post-640 news type-news status-publish format-standard has-post-thumbnail hentry post with-featured-image\" role=\"listitem\">\n\t\t\t\t<a class=\"elementor-post__thumbnail__link\" href=\"https:\/\/carbonpricingamericas.org\/pt\/news\/icap-status-report-2024\/\" tabindex=\"-1\" target=\"&quot;_blank&quot;\">\n\t\t\t<div class=\"elementor-post__thumbnail\"><img loading=\"lazy\" decoding=\"async\" width=\"954\" height=\"765\" src=\"https:\/\/carbonpricingamericas.org\/wp-content\/uploads\/2024\/05\/2024-ICAP-Status-Report.png\" class=\"attachment-full size-full wp-image-643\" alt=\"\" srcset=\"https:\/\/carbonpricingamericas.org\/wp-content\/uploads\/2024\/05\/2024-ICAP-Status-Report.png 954w, https:\/\/carbonpricingamericas.org\/wp-content\/uploads\/2024\/05\/2024-ICAP-Status-Report-300x241.png 300w, https:\/\/carbonpricingamericas.org\/wp-content\/uploads\/2024\/05\/2024-ICAP-Status-Report-768x616.png 768w, https:\/\/carbonpricingamericas.org\/wp-content\/uploads\/2024\/05\/2024-ICAP-Status-Report-15x12.png 15w\" sizes=\"(max-width: 954px) 100vw, 954px\" \/><\/div>\n\t\t<\/a>\n\t\t\t\t<div class=\"elementor-post__text\">\n\t\t\t\t<h4 class=\"elementor-post__title\">\n\t\t\t<a href=\"https:\/\/carbonpricingamericas.org\/pt\/news\/icap-status-report-2024\/\" target=\"&quot;_blank&quot;\">\n\t\t\t\tRelat\u00f3rio de status do ICAP 2024\t\t\t<\/a>\n\t\t<\/h4>\n\t\t\t\t<div class=\"elementor-post__excerpt\">\n\t\t\t<p>Maio de 2024<\/p>\n\t\t<\/div>\n\t\t\t\t<\/div>\n\t\t\t\t<\/article>\n\t\t\t\t<\/div>\n\t\t\n\t\t\t\t\t\t<\/div>\n\t\t\t\t<\/div>\n\t\t\t\t\t<\/div>\n\t\t<\/div>\n\t\t\t\t\t<\/div>\n\t\t<\/section>\n\t\t\t\t\t<\/div>\n\t\t<\/div>\n\t\t\t\t\t<\/div>\n\t\t<\/section>\n\t\t\t\t<section class=\"elementor-section elementor-top-section elementor-element elementor-element-94f2d70 elementor-section-full_width elementor-hidden-desktop elementor-hidden-tablet elementor-hidden-mobile elementor-section-height-default elementor-section-height-default\" data-id=\"94f2d70\" data-element_type=\"section\" data-e-type=\"section\">\n\t\t\t\t\t\t<div class=\"elementor-container elementor-column-gap-default\">\n\t\t\t\t\t<div class=\"elementor-column elementor-col-100 elementor-top-column elementor-element elementor-element-991e33d\" data-id=\"991e33d\" data-element_type=\"column\" data-e-type=\"column\">\n\t\t\t<div class=\"elementor-widget-wrap elementor-element-populated\">\n\t\t\t\t\t\t<section class=\"elementor-section elementor-inner-section elementor-element elementor-element-7f77dce elementor-section-boxed elementor-section-height-default elementor-section-height-default\" data-id=\"7f77dce\" data-element_type=\"section\" data-e-type=\"section\">\n\t\t\t\t\t\t<div class=\"elementor-container elementor-column-gap-default\">\n\t\t\t\t\t<div class=\"elementor-column elementor-col-100 elementor-inner-column elementor-element elementor-element-d8a3ce7\" data-id=\"d8a3ce7\" data-element_type=\"column\" data-e-type=\"column\">\n\t\t\t<div class=\"elementor-widget-wrap elementor-element-populated\">\n\t\t\t\t\t\t<div class=\"elementor-element elementor-element-72a1b9e elementor-hidden-desktop elementor-hidden-tablet elementor-widget elementor-widget-heading\" data-id=\"72a1b9e\" data-element_type=\"widget\" data-e-type=\"widget\" data-widget_type=\"heading.default\">\n\t\t\t\t<div class=\"elementor-widget-container\">\n\t\t\t\t\t<h2 class=\"elementor-heading-title elementor-size-default\">Isen\u00e7\u00e3o de responsabilidade:<\/h2>\t\t\t\t<\/div>\n\t\t\t\t<\/div>\n\t\t\t\t<div class=\"elementor-element elementor-element-337d052 elementor-widget elementor-widget-text-editor\" data-id=\"337d052\" data-element_type=\"widget\" data-e-type=\"widget\" data-widget_type=\"text-editor.default\">\n\t\t\t\t<div class=\"elementor-widget-container\">\n\t\t\t\t\t\t\t\t\t<span class=\"disclaimer\">Isen\u00e7\u00e3o de responsabilidade: <\/span>Lorem ipsum dolor sit amet, consectetur adipiscing elit. Aenean euismod bibe ndum laoreet. Lorem ipsum dolor sit amet, consectetur adipiscing elit. Aen ean euismod bibendum laoreet. Proin gravida dolor sit.Lorem ipsum dolor sit amet, consectetur adipiscing elit. Aenean euismod bibendum laoreet. Lorem ipsum dolor sit amet, consectetur adipiscing elit. Aenean euismod bibendum laoreet. Aenean euismod bibendum laoreet. Lorem ipsum dolor sit amet, consectetur adipiscing elit. Aenean euismod bibendum laoreet.\t\t\t\t\t\t\t\t<\/div>\n\t\t\t\t<\/div>\n\t\t\t\t\t<\/div>\n\t\t<\/div>\n\t\t\t\t\t<\/div>\n\t\t<\/section>\n\t\t\t\t\t<\/div>\n\t\t<\/div>\n\t\t\t\t\t<\/div>\n\t\t<\/section>\n\t\t\t\t<\/div>","protected":false},"excerpt":{"rendered":"<p>News Click here All News Disclaimer: Disclaimer: Lorem ipsum dolor sit amet, consectetur adipiscing elit. Aenean euismod bibe ndum laoreet. Lorem ipsum dolor sit amet, consectetur adipiscing elit. Aen ean euismod bibendum laoreet. Proin gravida dolor sit.Lorem ipsum dolor sit amet, consectetur adipiscing elit. Aenean euismod bibendum laoreet. Lorem ipsum dolor sit amet, consectetur adipiscing &hellip;<\/p>","protected":false},"author":1,"featured_media":0,"parent":0,"menu_order":0,"comment_status":"closed","ping_status":"closed","template":"elementor_header_footer","meta":{"_genesis_block_theme_hide_title":false,"footnotes":""},"class_list":["post-256","page","type-page","status-publish","hentry","post","with-featured-image"],"featured_image_src":null,"featured_image_src_square":null,"_links":{"self":[{"href":"https:\/\/carbonpricingamericas.org\/pt\/wp-json\/wp\/v2\/pages\/256","targetHints":{"allow":["GET"]}}],"collection":[{"href":"https:\/\/carbonpricingamericas.org\/pt\/wp-json\/wp\/v2\/pages"}],"about":[{"href":"https:\/\/carbonpricingamericas.org\/pt\/wp-json\/wp\/v2\/types\/page"}],"author":[{"embeddable":true,"href":"https:\/\/carbonpricingamericas.org\/pt\/wp-json\/wp\/v2\/users\/1"}],"replies":[{"embeddable":true,"href":"https:\/\/carbonpricingamericas.org\/pt\/wp-json\/wp\/v2\/comments?post=256"}],"version-history":[{"count":0,"href":"https:\/\/carbonpricingamericas.org\/pt\/wp-json\/wp\/v2\/pages\/256\/revisions"}],"wp:attachment":[{"href":"https:\/\/carbonpricingamericas.org\/pt\/wp-json\/wp\/v2\/media?parent=256"}],"curies":[{"name":"wp","href":"https:\/\/api.w.org\/{rel}","templated":true}]}}